{"id":2012,"date":"2022-09-15T03:07:12","date_gmt":"2022-09-15T03:07:12","guid":{"rendered":"https:\/\/fievutysjg.cfolks.pl\/jacekiagatka\/?page_id=2012"},"modified":"2022-10-17T18:31:32","modified_gmt":"2022-10-17T18:31:32","slug":"o-nas","status":"publish","type":"page","link":"https:\/\/jacek-i-agatka.pl\/index.php\/o-nas\/","title":{"rendered":"O nas"},"content":{"rendered":"<div class=\"tresc\">\n<p align=\"justify\"><b>Przedszkole \u201eJacek i Agatka\u201d to plac\u00f3wka stworzona przez ludzi kt\u00f3rzy kochaj\u0105 dzieci. Odkryli\u015bmy ich niezwyk\u0142e dary jakimi s\u0105 wrodzone talenty i otwarto\u015b\u0107 na \u015bwiat. Otwieramy serca i umys\u0142y na indywidualne potrzeby ka\u017cdego dziecka. Bazuj\u0105c na wieloletnim do\u015bwiadczeniu w pracy w przedszkolach i innych plac\u00f3wkach o\u015bwiatowych, wiemy jak wa\u017cny jest wszechstronny i pe\u0142ny rozw\u00f3j dziecka w sferze intelektualnej, emocjonalnej, spo\u0142ecznej i fizycznej. Naszym celem jest pokazanie r\u00f3\u017cnych stron \u015bwiata, poprzez poznanie innych j\u0119zyk\u00f3w, kultur, narodowo\u015bci i zwyczaj\u00f3w. <\/b><\/p>\n<\/div>\n<div class=\"tresc\"><b><br \/>\nPiosenka \u201eJACEK I AGATKA\u201d<\/b>&nbsp;<\/div>\n<div class=\"tresc\"><i>Jest przedszkole gdzie\u015b, gdzie\u015b tak bardzo blisko,<br \/>\ngdzie du\u017co rado\u015bci, szcz\u0119\u015bcia, pi\u0119knych dni.<br \/>\nTu jest du\u017co s\u0142o\u0144ca, du\u017co cierpliwo\u015bci,<br \/>\nka\u017cdy tutaj swoje w\u0142asne miejsce ma<\/i><i>.<\/i><\/div>\n<div>&nbsp;<\/div>\n<div class=\"tresc\"><em>Ref. To w\u0142a\u015bnie my witamy co dzie\u0144 was,<\/em><br \/>\n<em>U ma\u0142ych st\u00f3p k\u0142adziemy ca\u0142y \u015bwiat<\/em><br \/>\n<em>Niech ka\u017cdy wie, \u017ce z nami fajnie jest,<\/em><br \/>\n<em>rado\u015b\u0107 i mi\u0142o\u015b\u0107 tu witaj\u0105 ka\u017cdy dzie\u0144.<\/em><\/div>\n<div class=\"tresc\">\n<p><em>Jacek i Agatka, Jacek i Agatka,<\/em><br \/>\n<em>to gromadka dzieci roze\u015bmianych jest.<\/em><br \/>\n<em>Jacek i Agatka, Jacek i Agatka,<\/em><br \/>\n<em>to zdolny maluszek i absolwent te\u017c.<\/em><\/p>\n<p><em>W \u017cyciu r\u00f3\u017cnie bywa, s\u0105 te\u017c przykre chwile,<\/em><br \/>\n<em>ale dzi\u0119ki dzieciom mija ka\u017cdy \u017cal.<\/em><br \/>\n<em>One s\u0105 rado\u015bci\u0105 i nasz\u0105 przysz\u0142o\u015bci\u0105,<\/em><br \/>\n<em>bez nich bardzo szary by\u0142by ca\u0142y \u015bwiat.<\/em><\/p>\n<p><i>Ref. To w\u0142a\u015bnie my \u2026 <\/i><\/p>\n<\/div>\n","protected":false},"excerpt":{"rendered":"<p>Przedszkole \u201eJacek i Agatka\u201d to plac\u00f3wka stworzona przez ludzi kt\u00f3rzy kochaj\u0105 dzieci. Odkryli\u015bmy ich niezwyk\u0142e dary jakimi s\u0105 wrodzone talenty i otwarto\u015b\u0107 na \u015bwiat. Otwieramy serca i umys\u0142y na indywidualne potrzeby ka\u017cdego dziecka. Bazuj\u0105c na wieloletnim do\u015bwiadczeniu w pracy w przedszkolach i innych plac\u00f3wkach o\u015bwiatowych, wiemy jak wa\u017cny jest wszechstronny [&hellip;]<\/p>\n","protected":false},"author":1,"featured_media":0,"parent":0,"menu_order":0,"comment_status":"closed","ping_status":"closed","template":"","meta":{"ngg_post_thumbnail":0,"footnotes":""},"class_list":["post-2012","page","type-page","status-publish","hentry"],"_links":{"self":[{"href":"https:\/\/jacek-i-agatka.pl\/index.php\/wp-json\/wp\/v2\/pages\/2012","targetHints":{"allow":["GET"]}}],"collection":[{"href":"https:\/\/jacek-i-agatka.pl\/index.php\/wp-json\/wp\/v2\/pages"}],"about":[{"href":"https:\/\/jacek-i-agatka.pl\/index.php\/wp-json\/wp\/v2\/types\/page"}],"author":[{"embeddable":true,"href":"https:\/\/jacek-i-agatka.pl\/index.php\/wp-json\/wp\/v2\/users\/1"}],"replies":[{"embeddable":true,"href":"https:\/\/jacek-i-agatka.pl\/index.php\/wp-json\/wp\/v2\/comments?post=2012"}],"version-history":[{"count":6,"href":"https:\/\/jacek-i-agatka.pl\/index.php\/wp-json\/wp\/v2\/pages\/2012\/revisions"}],"predecessor-version":[{"id":2182,"href":"https:\/\/jacek-i-agatka.pl\/index.php\/wp-json\/wp\/v2\/pages\/2012\/revisions\/2182"}],"wp:attachment":[{"href":"https:\/\/jacek-i-agatka.pl\/index.php\/wp-json\/wp\/v2\/media?parent=2012"}],"curies":[{"name":"wp","href":"https:\/\/api.w.org\/{rel}","templated":true}]}}