{"id":2016,"date":"2022-09-15T03:07:30","date_gmt":"2022-09-15T03:07:30","guid":{"rendered":"https:\/\/fievutysjg.cfolks.pl\/jacekiagatka\/?page_id=2016"},"modified":"2025-10-02T17:27:29","modified_gmt":"2025-10-02T17:27:29","slug":"kadra","status":"publish","type":"page","link":"https:\/\/jacek-i-agatka.pl\/index.php\/kadra\/","title":{"rendered":"Kadra"},"content":{"rendered":"\t\t<div data-elementor-type=\"wp-page\" data-elementor-id=\"2016\" class=\"elementor elementor-2016\">\n\t\t\t\t\t\t<section class=\"elementor-section elementor-top-section elementor-element elementor-element-2b62b15 elementor-section-boxed elementor-section-height-default elementor-section-height-default\" data-id=\"2b62b15\" data-element_type=\"section\">\n\t\t\t\t\t\t<div class=\"elementor-container elementor-column-gap-default\">\n\t\t\t\t\t<div class=\"elementor-column elementor-col-100 elementor-top-column elementor-element elementor-element-226c60f1\" data-id=\"226c60f1\" data-element_type=\"column\">\n\t\t\t<div class=\"elementor-widget-wrap elementor-element-populated\">\n\t\t\t\t\t\t<div class=\"elementor-element elementor-element-4f76a93f elementor-widget elementor-widget-text-editor\" data-id=\"4f76a93f\" data-element_type=\"widget\" data-widget_type=\"text-editor.default\">\n\t\t\t\t<div class=\"elementor-widget-container\">\n\t\t\t<style>\/*! elementor - v3.22.0 - 24-06-2024 *\/\n.elementor-widget-text-editor.elementor-drop-cap-view-stacked .elementor-drop-cap{background-color:#69727d;color:#fff}.elementor-widget-text-editor.elementor-drop-cap-view-framed .elementor-drop-cap{color:#69727d;border:3px solid;background-color:transparent}.elementor-widget-text-editor:not(.elementor-drop-cap-view-default) .elementor-drop-cap{margin-top:8px}.elementor-widget-text-editor:not(.elementor-drop-cap-view-default) .elementor-drop-cap-letter{width:1em;height:1em}.elementor-widget-text-editor .elementor-drop-cap{float:left;text-align:center;line-height:1;font-size:50px}.elementor-widget-text-editor .elementor-drop-cap-letter{display:inline-block}<\/style>\t\t\t\t<div class=\"tresc\">\n<p>Nasze przedszkole wsp\u00f3\u0142pracuje z wysoko wykwalifikowanymi specjalistami z zakresu pedagogiki przedszkolnej. Ka\u017cda z nauczycielek posiada wykszta\u0142cenie pedagogiczne i wieloletnie do\u015bwiadczenie w pracy z dzie\u0107mi w wieku przedszkolnym. Kilkoro nauczycieli uko\u0144czy\u0142o studia podyplomowe m.in: gimnastyki korekcyjnej, logopedii, sztuki, oligofrenopedagogiki. Aby rozwija\u0107 si\u0119 coraz lepiej uczestnicz\u0105 w kursach pedagogicznych oraz wzbogacaj\u0105 swoj\u0105 wiedz\u0119 o dodatkowe kierunki studi\u00f3w podyplomowych.<br>Swoj\u0105 pasj\u0105 i do\u015bwiadczeniem sprawiaj\u0105, \u017ce dzieci z ch\u0119ci\u0105 przychodz\u0105 do naszego przedszkola. Ich u\u015bmiechni\u0119te, rozpromienione bu\u017aki s\u0105 tego dowodem.<\/p>\n<p>Istotnym elementem funkcjonowania przedszkola &#8222;Jacek i Agatka&#8221; jest rzetelna informacja przekazywana od wychowawc\u00f3w dla rodzic\u00f3w o ich pociechach.<\/p>\n<\/div>\n<div class=\"tresc\">\n<div class=\"tytul\">\n<p><u><br><span style=\"font-size: 14pt;\">Dyrektor:<\/span><\/u><\/p>\n<p><span style=\"font-size: 14pt;\"><b>Katarzyna Kotecka<\/b><\/span><\/p>\n<\/div>\n<div class=\"tytul\">\n<p><span style=\"font-size: 14pt;\"><u>Zast\u0119pca Dyrektora:<\/u><\/span><\/p>\n<\/div>\n<p><span style=\"font-size: 14pt;\"><b>Paulina Chyczewska<\/b><\/span><\/p>\n<div class=\"tytul\">\n<p><u><img decoding=\"async\" class=\"alignnone wp-image-2156 \" src=\"https:\/\/jacek-i-agatka.pl\/wp-content\/uploads\/2022\/10\/jez.jpg\" alt=\"\" width=\"121\" height=\"115\"><span style=\"font-size: 18pt;\">&nbsp;Grupa Je\u017cyki<\/span><\/u><\/p>\n<\/div>\n<p><span style=\"font-size: 18pt;\">Nauczyciel \u2013 Iwona Tysiak &#8211; Taborowska<\/span><br><span style=\"font-size: 18pt;\">Nauczyciel dochodz\u0105cy \u2013 Natalia Kudan<\/span><br><span style=\"font-size: 18pt;\">Pomoce-&nbsp; Mariola P\u0105czkowska<\/span><\/p>\n<p style=\"text-align: right;\"><span style=\"font-size: 18pt;\"><u>Grupa&nbsp; Pszcz\u00f3\u0142ki<img decoding=\"async\" class=\"wp-image-2158 alignright\" src=\"https:\/\/fievutysjg.cfolks.pl\/jacekiagatka\/wp-content\/uploads\/2022\/10\/1000_F_67339409_uYO6RW4AGSN1hJpplhTp6AYM1YTxvgzf-300x212.jpg\" alt=\"\" width=\"168\" height=\"119\" srcset=\"https:\/\/jacek-i-agatka.pl\/wp-content\/uploads\/2022\/10\/1000_F_67339409_uYO6RW4AGSN1hJpplhTp6AYM1YTxvgzf-300x212.jpg 300w, https:\/\/jacek-i-agatka.pl\/wp-content\/uploads\/2022\/10\/1000_F_67339409_uYO6RW4AGSN1hJpplhTp6AYM1YTxvgzf-768x543.jpg 768w, https:\/\/jacek-i-agatka.pl\/wp-content\/uploads\/2022\/10\/1000_F_67339409_uYO6RW4AGSN1hJpplhTp6AYM1YTxvgzf-670x480.jpg 670w, https:\/\/jacek-i-agatka.pl\/wp-content\/uploads\/2022\/10\/1000_F_67339409_uYO6RW4AGSN1hJpplhTp6AYM1YTxvgzf-100x70.jpg 100w, https:\/\/jacek-i-agatka.pl\/wp-content\/uploads\/2022\/10\/1000_F_67339409_uYO6RW4AGSN1hJpplhTp6AYM1YTxvgzf.jpg 1000w\" sizes=\"(max-width: 168px) 100vw, 168px\" \/><\/u><\/span><\/p>\n<p style=\"text-align: right;\"><span style=\"font-size: 18pt;\">Nauczyciel- El\u017cbieta Jaszczak<\/span><br><span style=\"font-size: 18pt;\">Nauczyciel dochodz\u0105cy- Paulina Chyczewska&nbsp;<\/span><br><span style=\"font-size: 18pt;\">Pomoc- Anna Sza\u0142aj<\/span><\/p>\n<div class=\"tytul\">\n<p><span style=\"font-size: 18pt;\"><u>Grupa&nbsp; S\u00f3wki<img decoding=\"async\" class=\"wp-image-2155 alignleft\" src=\"https:\/\/fievutysjg.cfolks.pl\/jacekiagatka\/wp-content\/uploads\/2022\/10\/sowy-sowki-na-galezi-344_10200-1-300x156.jpg\" alt=\"\" width=\"202\" height=\"105\" srcset=\"https:\/\/jacek-i-agatka.pl\/wp-content\/uploads\/2022\/10\/sowy-sowki-na-galezi-344_10200-1-300x156.jpg 300w, https:\/\/jacek-i-agatka.pl\/wp-content\/uploads\/2022\/10\/sowy-sowki-na-galezi-344_10200-1-1024x532.jpg 1024w, https:\/\/jacek-i-agatka.pl\/wp-content\/uploads\/2022\/10\/sowy-sowki-na-galezi-344_10200-1-768x399.jpg 768w, https:\/\/jacek-i-agatka.pl\/wp-content\/uploads\/2022\/10\/sowy-sowki-na-galezi-344_10200-1.jpg 1032w\" sizes=\"(max-width: 202px) 100vw, 202px\" \/><br><\/u><\/span><\/p>\n<\/div>\n<p><span style=\"font-size: 18pt;\">Nauczyciel- Anna \u0141y\u017cwa<\/span><br><span style=\"font-size: 18pt;\">Nauczyciel dochodz\u0105cy- Natalia Kudan<\/span><br><span style=\"font-size: 18pt;\">&nbsp;&nbsp;&nbsp;&nbsp;&nbsp;&nbsp;&nbsp;&nbsp;&nbsp;&nbsp;&nbsp;&nbsp;&nbsp;&nbsp;&nbsp;&nbsp;&nbsp;&nbsp;&nbsp;&nbsp;&nbsp;&nbsp;&nbsp;&nbsp;&nbsp;&nbsp;&nbsp;&nbsp;&nbsp;&nbsp;&nbsp;&nbsp;&nbsp;&nbsp;&nbsp;&nbsp;&nbsp; Pomoc- Aldona Wi\u0119cek<\/span><\/p>\n<div class=\"tytul\">\n<p style=\"text-align: right;\"><span style=\"font-size: 18pt;\"><u>Grupa&nbsp; Liski<img loading=\"lazy\" decoding=\"async\" class=\"alignnone wp-image-2159 \" src=\"https:\/\/jacek-i-agatka.pl\/wp-content\/uploads\/2022\/10\/images-3-1.jpg\" alt=\"\" width=\"86\" height=\"118\"><br><\/u><\/span><\/p>\n<\/div>\n<p style=\"text-align: right;\"><span style=\"font-size: 18pt;\">Nauczyciel- Joanna Kruk<\/span><br><span style=\"font-size: 18pt;\">Nauczyciel dochodz\u0105cy- Monika Pychewicz-Kawecka<\/span><\/p><p style=\"text-align: right;\"><span style=\"font-size: 18pt;\">Pomoc- Anna Skowro\u0144ska&nbsp;<\/span><\/p>\n<div class=\"tytul\">\n<p><span style=\"font-size: 18pt;\"><u><img loading=\"lazy\" decoding=\"async\" class=\"wp-image-2160 alignleft\" src=\"https:\/\/fievutysjg.cfolks.pl\/jacekiagatka\/wp-content\/uploads\/2022\/10\/139547-300x203.jpg\" alt=\"\" width=\"153\" height=\"104\" srcset=\"https:\/\/jacek-i-agatka.pl\/wp-content\/uploads\/2022\/10\/139547-300x203.jpg 300w, https:\/\/jacek-i-agatka.pl\/wp-content\/uploads\/2022\/10\/139547-1024x694.jpg 1024w, https:\/\/jacek-i-agatka.pl\/wp-content\/uploads\/2022\/10\/139547-768x520.jpg 768w, https:\/\/jacek-i-agatka.pl\/wp-content\/uploads\/2022\/10\/139547-850x580.jpg 850w, https:\/\/jacek-i-agatka.pl\/wp-content\/uploads\/2022\/10\/139547-500x344.jpg 500w, https:\/\/jacek-i-agatka.pl\/wp-content\/uploads\/2022\/10\/139547.jpg 1200w\" sizes=\"(max-width: 153px) 100vw, 153px\" \/>Grupa&nbsp; \u017babki<br><\/u><\/span><\/p>\n<\/div>\n<p><span style=\"font-size: 18pt;\">Nauczyciel- Patrycja Patalon<\/span><br><span style=\"font-size: 18pt;\">Nauczyciele dochodz\u0105cy-Paulina Chyczewska<\/span><br><span style=\"font-size: 18pt;\">&nbsp;&nbsp;&nbsp;&nbsp;&nbsp;&nbsp;&nbsp;&nbsp;&nbsp;&nbsp;&nbsp;&nbsp;&nbsp;&nbsp;&nbsp;&nbsp;&nbsp;&nbsp;&nbsp;&nbsp;&nbsp;&nbsp;&nbsp;&nbsp;&nbsp;&nbsp;&nbsp;&nbsp;&nbsp; Pomoc- Gra\u017cyna Brejlak<\/span><\/p>\n<p style=\"text-align: right;\"><span style=\"font-size: 18pt;\"><u>Grupa&nbsp; Wiewi\u00f3rki<img loading=\"lazy\" decoding=\"async\" class=\"wp-image-2161 alignright\" src=\"https:\/\/fievutysjg.cfolks.pl\/jacekiagatka\/wp-content\/uploads\/2022\/10\/dokretki-wiewiorka-22104028-300x261.jpg\" alt=\"\" width=\"151\" height=\"132\" srcset=\"https:\/\/jacek-i-agatka.pl\/wp-content\/uploads\/2022\/10\/dokretki-wiewiorka-22104028-300x261.jpg 300w, https:\/\/jacek-i-agatka.pl\/wp-content\/uploads\/2022\/10\/dokretki-wiewiorka-22104028-768x668.jpg 768w, https:\/\/jacek-i-agatka.pl\/wp-content\/uploads\/2022\/10\/dokretki-wiewiorka-22104028.jpg 800w\" sizes=\"(max-width: 151px) 100vw, 151px\" \/><\/u><\/span><\/p>\n<p style=\"text-align: right;\"><span style=\"font-size: 18pt;\">Nauczyciel &#8211; Anna Wiewi\u00f3rkowska<\/span><br><span style=\"font-size: 18pt;\">Nauczyciel dochodz\u0105cy- Natalia Kudan<\/span><br><span style=\"font-size: 18pt;\">Pomoc &#8211; El\u017cbieta Wyrzykowska<\/span><\/p>\n<div class=\"tytul\">\n<p><span style=\"font-size: 18pt;\"><u><img loading=\"lazy\" decoding=\"async\" class=\"wp-image-2162 alignleft\" src=\"https:\/\/fievutysjg.cfolks.pl\/jacekiagatka\/wp-content\/uploads\/2022\/10\/71050663-coquettish-slodkie-biedronka-leci-na-bialym-tle-300x300.jpg\" alt=\"\" width=\"151\" height=\"151\" srcset=\"https:\/\/jacek-i-agatka.pl\/wp-content\/uploads\/2022\/10\/71050663-coquettish-slodkie-biedronka-leci-na-bialym-tle-300x300.jpg 300w, https:\/\/jacek-i-agatka.pl\/wp-content\/uploads\/2022\/10\/71050663-coquettish-slodkie-biedronka-leci-na-bialym-tle-150x150.jpg 150w, https:\/\/jacek-i-agatka.pl\/wp-content\/uploads\/2022\/10\/71050663-coquettish-slodkie-biedronka-leci-na-bialym-tle-90x90.jpg 90w, https:\/\/jacek-i-agatka.pl\/wp-content\/uploads\/2022\/10\/71050663-coquettish-slodkie-biedronka-leci-na-bialym-tle.jpg 450w\" sizes=\"(max-width: 151px) 100vw, 151px\" \/><\/u><\/span><\/p>\n<p><span style=\"font-size: 18pt;\"><u>Grupa&nbsp; Biedronki<br><\/u><\/span><\/p>\n<\/div>\n<p><span style=\"font-size: 18pt;\">Nauczyciel- Wioleta Serafin<\/span><br><span style=\"font-size: 18pt;\">Nauczyciel dochodz\u0105cy- Natalia Kudan<\/span><br><span style=\"font-size: 18pt;\">Nauczyciel wsp\u00f3\u0142organizuj\u0105cy &#8211; Monika Pychewicz-Kawecka&nbsp; &nbsp;&nbsp;<\/span><span style=\"font-size: 18pt;\">Pomoc- Anna Czarneta&nbsp;<\/span><\/p>\n<\/div>\n<p><img loading=\"lazy\" decoding=\"async\" class=\"wp-image-2163 aligncenter\" src=\"https:\/\/fievutysjg.cfolks.pl\/jacekiagatka\/wp-content\/uploads\/2022\/10\/bd772a95e1f08f6f6d6237a2e5085bfba1a4b485-300x119.png\" alt=\"\" width=\"196\" height=\"78\" srcset=\"https:\/\/jacek-i-agatka.pl\/wp-content\/uploads\/2022\/10\/bd772a95e1f08f6f6d6237a2e5085bfba1a4b485-300x119.png 300w, https:\/\/jacek-i-agatka.pl\/wp-content\/uploads\/2022\/10\/bd772a95e1f08f6f6d6237a2e5085bfba1a4b485.png 698w\" sizes=\"(max-width: 196px) 100vw, 196px\" \/><\/p>\n<p style=\"text-align: center;\"><span style=\"text-decoration: underline;\"><span style=\"font-size: 14pt;\">Logopedzi:<\/span><\/span><br><span style=\"font-size: 14pt;\">Wioleta Serafin<\/span><br><span style=\"font-size: 14pt;\">Anna \u0141y\u017cwa<\/span><\/p>\n<div class=\"tresc\">\n<div class=\"tytul\">\n<p style=\"text-align: center;\"><u><img loading=\"lazy\" decoding=\"async\" class=\"alignnone wp-image-2165 \" src=\"https:\/\/jacek-i-agatka.pl\/wp-content\/uploads\/2022\/10\/flaga.jpg\" alt=\"\" width=\"150\" height=\"84\"> <\/u><\/p>\n<p style=\"text-align: center;\"><u><span style=\"font-size: 14pt;\">Lektorzy j\u0119z. angielskiego:<\/span><\/u><br><span style=\"font-size: 14pt;\">Paulina Chyczewska<\/span><\/p>\n<div class=\"tytul\">\n<p style=\"text-align: center;\"><u>&nbsp;<\/u><\/p>\n<div class=\"tytul\">\n<p style=\"text-align: center;\"><u><img loading=\"lazy\" decoding=\"async\" class=\"wp-image-2166 aligncenter\" src=\"https:\/\/fievutysjg.cfolks.pl\/jacekiagatka\/wp-content\/uploads\/2022\/10\/95757f07329515fd6c92b162e15060b8-300x300.jpg\" alt=\"\" width=\"124\" height=\"124\" srcset=\"https:\/\/jacek-i-agatka.pl\/wp-content\/uploads\/2022\/10\/95757f07329515fd6c92b162e15060b8-300x300.jpg 300w, https:\/\/jacek-i-agatka.pl\/wp-content\/uploads\/2022\/10\/95757f07329515fd6c92b162e15060b8-150x150.jpg 150w, https:\/\/jacek-i-agatka.pl\/wp-content\/uploads\/2022\/10\/95757f07329515fd6c92b162e15060b8-90x90.jpg 90w, https:\/\/jacek-i-agatka.pl\/wp-content\/uploads\/2022\/10\/95757f07329515fd6c92b162e15060b8.jpg 450w\" sizes=\"(max-width: 124px) 100vw, 124px\" \/><span style=\"font-size: 14pt;\">Panie kucharki:<\/span><\/u><br><span style=\"font-size: 14pt;\">El\u017cbieta Jarmu\u017cewska<\/span><\/p>\n<p style=\"text-align: center;\"><span style=\"font-size: 14pt;\">Ewa Milu\u0107<\/span><\/p>\n<p style=\"text-align: center;\"><span style=\"font-size: 14pt;\">Lidia Skawi\u0144ska<\/span><\/p>\n<\/div>\n<\/div>\n<\/div>\n<\/div>\t\t\t\t\t\t<\/div>\n\t\t\t\t<\/div>\n\t\t\t\t\t<\/div>\n\t\t<\/div>\n\t\t\t\t\t<\/div>\n\t\t<\/section>\n\t\t\t\t<\/div>\n\t\t","protected":false},"excerpt":{"rendered":"<p>Nasze przedszkole wsp\u00f3\u0142pracuje z wysoko wykwalifikowanymi specjalistami z zakresu pedagogiki przedszkolnej. Ka\u017cda z nauczycielek posiada wykszta\u0142cenie pedagogiczne i wieloletnie do\u015bwiadczenie w pracy z dzie\u0107mi w wieku przedszkolnym. Kilkoro nauczycieli uko\u0144czy\u0142o studia podyplomowe m.in: gimnastyki korekcyjnej, logopedii, sztuki, oligofrenopedagogiki. Aby rozwija\u0107 si\u0119 coraz lepiej uczestnicz\u0105 w kursach pedagogicznych oraz wzbogacaj\u0105 swoj\u0105 [&hellip;]<\/p>\n","protected":false},"author":1,"featured_media":0,"parent":0,"menu_order":0,"comment_status":"closed","ping_status":"closed","template":"","meta":{"ngg_post_thumbnail":0,"footnotes":""},"class_list":["post-2016","page","type-page","status-publish","hentry"],"_links":{"self":[{"href":"https:\/\/jacek-i-agatka.pl\/index.php\/wp-json\/wp\/v2\/pages\/2016","targetHints":{"allow":["GET"]}}],"collection":[{"href":"https:\/\/jacek-i-agatka.pl\/index.php\/wp-json\/wp\/v2\/pages"}],"about":[{"href":"https:\/\/jacek-i-agatka.pl\/index.php\/wp-json\/wp\/v2\/types\/page"}],"author":[{"embeddable":true,"href":"https:\/\/jacek-i-agatka.pl\/index.php\/wp-json\/wp\/v2\/users\/1"}],"replies":[{"embeddable":true,"href":"https:\/\/jacek-i-agatka.pl\/index.php\/wp-json\/wp\/v2\/comments?post=2016"}],"version-history":[{"count":38,"href":"https:\/\/jacek-i-agatka.pl\/index.php\/wp-json\/wp\/v2\/pages\/2016\/revisions"}],"predecessor-version":[{"id":5347,"href":"https:\/\/jacek-i-agatka.pl\/index.php\/wp-json\/wp\/v2\/pages\/2016\/revisions\/5347"}],"wp:attachment":[{"href":"https:\/\/jacek-i-agatka.pl\/index.php\/wp-json\/wp\/v2\/media?parent=2016"}],"curies":[{"name":"wp","href":"https:\/\/api.w.org\/{rel}","templated":true}]}}