{"id":2024,"date":"2022-09-15T03:08:14","date_gmt":"2022-09-15T03:08:14","guid":{"rendered":"https:\/\/fievutysjg.cfolks.pl\/jacekiagatka\/?page_id=2024"},"modified":"2022-10-06T15:19:43","modified_gmt":"2022-10-06T15:19:43","slug":"rodo","status":"publish","type":"page","link":"https:\/\/jacek-i-agatka.pl\/index.php\/rodo\/","title":{"rendered":"RODO"},"content":{"rendered":"<div class=\"tresc\">\n<p align=\"justify\"><b>Szanowni Pa\u0144stwo:<br \/>\nNiepubliczne Przedszkole \u201ezwane dalej \u201ePrzedszkolem\u201d przekazuje Pa\u0144stwu informacj\u0119 dotycz\u0105c\u0105 przetwarzania danych osobowych wymagan\u0105 norm\u0105 prawn\u0105 pochodz\u0105ca z art. 13 ust. 1 i 2 Rozporz\u0105dzenia Parlamentu Europejskiego i Rady (UE) 2016\/679 z dnia 27 kwietnia 2016 r. (RODO), kt\u00f3re jest stosowane w Polsce od dnia 25 maja 2018 r.<\/b><\/p>\n<\/div>\n<div class=\"tresc\">\n<p><b>Przedszkole informuje, i\u017c:<\/p>\n<p>1) Administratorem Pa\u0144stwa danych osobowych oraz danych osobowych Pa\u0144stwa Dzieci jest Niepubliczne Przedszkole Jacek i Agatka w Biskupcu, ul. Pozna\u0144ska 3<br \/>\n2) Organem nadzorczym w zakresie ochrony danych osobowych jest Prezes Urz\u0119du Ochrony Danych Osobowych \u201eUODO\u201d. Ma Pan\/Pani prawo do wniesienia skargi do organu nadzorczego \u2013 o ile uzna Pan\/Pani, \u017ce przetwarzanie danych osobowych odbywa si\u0119 z naruszeniem ww. przepis\u00f3w.<br \/>\n3) Ma Pan\/Pani prawo do \u017c\u0105dania od Przedszkola dost\u0119pu do tre\u015bci swoich danych osobowych oraz danych osobowych Pa\u0144stwa dzieci, ich sprostowania, usuni\u0119cia lub ograniczenia przetwarzania, a tak\u017ce prawo do przenoszenia danych oraz uzyskania kopii danych.<br \/>\n4) Ma Pan\/Pani prawo do wniesienia sprzeciwu wobec przetwarzania.<br \/>\n5) Ma Pan\/Pani prawo do cofni\u0119cia zgody w dowolnym momencie bez wp\u0142ywu na zgodno\u015b\u0107 z prawem przetwarzania, kt\u00f3rego dokonano na podstawie zgody przed jej cofni\u0119ciem, je\u017celi przetwarzanie odbywa si\u0119 na podstawie uprzednio wydanej zgody na przetwarzanie. Mo\u017cliwe jest tak\u017ce, \u017ce zgodnie z przepisami prawa Przedszkole b\u0119dzie uprawnione do przetwarzania danych na innej podstawie prawnej lub w innym celu.<br \/>\n6) Pani\/Pana dane oraz dane Dziecka\/Dzieci przetwarzane w nast\u0119puj\u0105cych celach: <\/b><\/p>\n<ul>\n<li>Wykonywania czynno\u015bci rekrutacyjnych, na podstawie wykonania obowi\u0105zku prawnego, na\u0142o\u017conego przez przepisy prawa rangi ustawowej na plac\u00f3wki o\u015bwiatowe<\/li>\n<li>Wykonywanie czynno\u015bci zwi\u0105zanych z rozliczeniem za ucz\u0119szczanie do plac\u00f3wki, zgodnie z udzielon\u0105 zgod\u0105<\/li>\n<li>Prowadzenie dziennika zaj\u0119\u0107 wychowank\u00f3w przedszkola, prowadzenie ewidencji wychowank\u00f3w przedszkola, prowadzenie dziennika rewalidacyjno- wychowawczego, prowadzenie dziennika zaj\u0119\u0107 dodatkowych, prowadzenie dziennik\u00f3w logopedy oraz pedagoga, analizowanie opinii psychologiczno- pedagogicznych, sporz\u0105dzanie opinii o wychowankach, w tym o gotowo\u015bci szkolnej na podstawie wykonania obowi\u0105zku prawnego, na\u0142o\u017conego przez przepisy prawa rangi ustawowej na plac\u00f3wki o\u015bwiatowe, m.in. prawa o\u015bwiatowego, Karty nauczyciela czy ustawy o systemie o\u015bwiaty,<\/li>\n<li>Wykonanie obowi\u0105zku sprawozdawczego oraz w celach statystycznych, wynikaj\u0105cych z ustawy<\/li>\n<li>Utrzymywania, wy\u015bwietlania strony internetowej oraz ich zawarto\u015bci (tj. wizerunku wychowank\u00f3w przedszkola), komunikowania si\u0119 przez te strony. Podstaw\u0105 do wykorzystania danych tam zawartych jest Pana\/Pani zgoda wyra\u017cona w imieniu w\u0142asnym, jak i dzieci lub odpowiednie przepisy prawa, np. prawo telekomunikacyjne,<\/li>\n<li>Wykonywanie prawnie uzasadnionych interes\u00f3w Przedszkola, w tym polegaj\u0105cych na zapewnieniu bezpiecze\u0144stwa os\u00f3b przebywaj\u0105cych na terenie plac\u00f3wki oraz mienia Przedszkola (monitoring wizyjny)<\/li>\n<\/ul>\n<ul>odbiorcami Pani\/Pana danych osobowych oraz danych osobowych Pa\u0144stwa dzieci s\u0105:<\/p>\n<li>uprawnione podmioty (na podstawie przepis\u00f3w prawa) w tym: MEN \u2013 poprzez System Informacji O\u015bwiatowej,<\/li>\n<li>jednostki kontroluj\u0105ce,<\/li>\n<li>podmioty, kt\u00f3rym dane mog\u0105 by\u0107 przekazane na podstawie Pana\/Pani zgody lub upowa\u017cnienia.<\/li>\n<\/ul>\n<p><b>8) Pani\/Pana dane osobowe oraz dane osobowe Pa\u0144stwa dzieci, nie b\u0119d\u0105 przekazane do pa\u0144stwa trzeciego lub organizacji mi\u0119dzynarodowej. 9) Pani\/Pana dane osobowe oraz dane osobowe Pa\u0144stwa dzieci, b\u0119d\u0105 przechowywane w zale\u017cno\u015bci od celu, w jakim zosta\u0142y zebrane, od przepis\u00f3w prawa lub przyj\u0119tych przez Przedszkole rozwi\u0105za\u0144, a tak\u017ce wyra\u017conej przez Pana\/Pani zgody\/ zg\u00f3d oraz o\u015bwiadcze\u0144. W przypadku:<\/b><\/p>\n<ul>\n<li>zgody \u2013 przez czas wskazany w o\u015bwiadczeniu o zgodzie, do czasu odwo\u0142ania zgody,<\/li>\n<li>umowy\/ innej czynno\u015bci prawnej \u2013 przez czas niezb\u0119dny do realizacji umowy, a je\u017celi dana czynno\u015bci nie dosz\u0142a do skutku, przez okres (X) lat od dnia zebrania danych,<\/li>\n<li>danych archiwalnych \u2013 po wyga\u015bni\u0119ciu danej umowy, dane osobowe przechowywane s\u0105 przez (X) lat.<\/li>\n<\/ul>\n<p><b>10) Podanie Pani\/Pana danych osobowych (jako opiekuna prawnego dziecka) oraz danych osobowych Pa\u0144stwa dzieci jest wymogiem ustawowym, niezb\u0119dnym do realizacji zada\u0144 o\u015bwiatowych<br \/>\n11) Wyra\u017cenie zgody na przetwarzanie danych w celach informacyjnych, marketingowych jest dobrowolne.<br \/>\n12) Pani\/Pana dane osobowe oraz dane osobowe Pa\u0144stwa dzieci nie b\u0119d\u0105 przetwarzane w spos\u00f3b zautomatyzowany, w tym nie b\u0119d\u0105 podlega\u0142y profilowaniu.<br \/>\n13) Niepubliczne Przedszkole Jacek i Agatka w Biskupcu poprzez przekazanie niniejszej informacji realizuje obowi\u0105zek prawny. W razie pyta\u0144 i w\u0105tpliwo\u015bci do Pa\u0144stwa dyspozycji pozostaje Dyrektor Przedszkola.<\/b><\/div>\n","protected":false},"excerpt":{"rendered":"<p>Szanowni Pa\u0144stwo: Niepubliczne Przedszkole \u201ezwane dalej \u201ePrzedszkolem\u201d przekazuje Pa\u0144stwu informacj\u0119 dotycz\u0105c\u0105 przetwarzania danych osobowych wymagan\u0105 norm\u0105 prawn\u0105 pochodz\u0105ca z art. 13 ust. 1 i 2 Rozporz\u0105dzenia Parlamentu Europejskiego i Rady (UE) 2016\/679 z dnia 27 kwietnia 2016 r. (RODO), kt\u00f3re jest stosowane w Polsce od dnia 25 maja 2018 r. [&hellip;]<\/p>\n","protected":false},"author":1,"featured_media":0,"parent":0,"menu_order":0,"comment_status":"closed","ping_status":"closed","template":"","meta":{"ngg_post_thumbnail":0,"footnotes":""},"class_list":["post-2024","page","type-page","status-publish","hentry"],"_links":{"self":[{"href":"https:\/\/jacek-i-agatka.pl\/index.php\/wp-json\/wp\/v2\/pages\/2024","targetHints":{"allow":["GET"]}}],"collection":[{"href":"https:\/\/jacek-i-agatka.pl\/index.php\/wp-json\/wp\/v2\/pages"}],"about":[{"href":"https:\/\/jacek-i-agatka.pl\/index.php\/wp-json\/wp\/v2\/types\/page"}],"author":[{"embeddable":true,"href":"https:\/\/jacek-i-agatka.pl\/index.php\/wp-json\/wp\/v2\/users\/1"}],"replies":[{"embeddable":true,"href":"https:\/\/jacek-i-agatka.pl\/index.php\/wp-json\/wp\/v2\/comments?post=2024"}],"version-history":[{"count":2,"href":"https:\/\/jacek-i-agatka.pl\/index.php\/wp-json\/wp\/v2\/pages\/2024\/revisions"}],"predecessor-version":[{"id":2080,"href":"https:\/\/jacek-i-agatka.pl\/index.php\/wp-json\/wp\/v2\/pages\/2024\/revisions\/2080"}],"wp:attachment":[{"href":"https:\/\/jacek-i-agatka.pl\/index.php\/wp-json\/wp\/v2\/media?parent=2024"}],"curies":[{"name":"wp","href":"https:\/\/api.w.org\/{rel}","templated":true}]}}