{"id":2064,"date":"2022-10-06T15:11:26","date_gmt":"2022-10-06T15:11:26","guid":{"rendered":"https:\/\/fievutysjg.cfolks.pl\/jacekiagatka\/?page_id=2064"},"modified":"2023-09-14T16:51:33","modified_gmt":"2023-09-14T16:51:33","slug":"rozklad-dnia","status":"publish","type":"page","link":"https:\/\/jacek-i-agatka.pl\/index.php\/rozklad-dnia\/","title":{"rendered":"Rozk\u0142ad dnia"},"content":{"rendered":"<ul>\n<li>6 00 &#8211; 8 30 Schodzenie si\u0119 dzieci i powitanie w grupie.<br \/>\nStwarzanie atmosfery sprzyjaj\u0105cej podejmowaniu przez dzieci r\u00f3\u017cnorodnych form aktywno\u015bci. Praca indywidualna i wspieraj\u0105ca. \u0106wiczenia poranne. Czynno\u015bci sanitarno \u2013 higieniczne w \u0142azience.<\/li>\n<li>8 30 &#8211; 9 00 \u015aniadanie.<\/li>\n<li>9 00 \u2013 10 00 Organizowanie r\u00f3\u017cnorodnych sytuacji edukacyjnych, poprzez realizowanie d\u0105\u017ce\u0144 do wypowiadania siebie w tw\u00f3rczo\u015bci plastycznej, muzycznej, ruchowej i werbalnej. Czynno\u015bci sanitarno \u2013higieniczne w \u0142azience.<\/li>\n<li>10 00 \u2013 10 15 II \u015bniadanie.<\/li>\n<li>10 15 &#8211; 11 30 Zabawy organizowane oraz swobodne w ogrodzie przedszkolnym, lub w sali, spacery i wycieczki. Czynno\u015bci sanitarno \u2013higieniczne w \u0142azience.<\/li>\n<li>11 30 &#8211; 11 45 Obiad II danie.<\/li>\n<li>11 45 &#8211; 13 45 Czynno\u015bci sanitarno \u2013 higieniczne. Odpoczynek poobiedni w grupach m\u0142odszych.<br \/>\nW grupach III, IV, V, VI i VII stwarzanie i wykorzystywanie sytuacji edukacyjnych rozwijaj\u0105cych potencja\u0142 dzieci. Zaj\u0119cia dydaktyczno-wyr\u00f3wnawcze, j\u0119zyk angielski.<\/li>\n<li>13 45 \u2013 14 15 Obiad I danie &#8211; zupa.<\/li>\n<li>14 15 \u2013 16 30 Czynno\u015bci sanitarno \u2013 higieniczne w \u0142azience. R\u00f3\u017cne formy aktywno\u015bci podejmowane z inicjatywy dzieci b\u0105d\u017a zainspirowane przez nauczycielk\u0119. Praca indywidualna. Zabawy w ogrodzie przedszkolnym.<br \/>\nZaj\u0119cia dodatkowe. Po\u017cegnanie dzieci.<\/li>\n<\/ul>\n","protected":false},"excerpt":{"rendered":"<p>6 00 &#8211; 8 30 Schodzenie si\u0119 dzieci i powitanie w grupie. Stwarzanie atmosfery sprzyjaj\u0105cej podejmowaniu przez dzieci r\u00f3\u017cnorodnych form aktywno\u015bci. Praca indywidualna i wspieraj\u0105ca. \u0106wiczenia poranne. Czynno\u015bci sanitarno \u2013 higieniczne w \u0142azience. 8 30 &#8211; 9 00 \u015aniadanie. 9 00 \u2013 10 00 Organizowanie r\u00f3\u017cnorodnych sytuacji edukacyjnych, poprzez realizowanie [&hellip;]<\/p>\n","protected":false},"author":1,"featured_media":0,"parent":0,"menu_order":0,"comment_status":"closed","ping_status":"closed","template":"","meta":{"ngg_post_thumbnail":0,"footnotes":""},"class_list":["post-2064","page","type-page","status-publish","hentry"],"_links":{"self":[{"href":"https:\/\/jacek-i-agatka.pl\/index.php\/wp-json\/wp\/v2\/pages\/2064","targetHints":{"allow":["GET"]}}],"collection":[{"href":"https:\/\/jacek-i-agatka.pl\/index.php\/wp-json\/wp\/v2\/pages"}],"about":[{"href":"https:\/\/jacek-i-agatka.pl\/index.php\/wp-json\/wp\/v2\/types\/page"}],"author":[{"embeddable":true,"href":"https:\/\/jacek-i-agatka.pl\/index.php\/wp-json\/wp\/v2\/users\/1"}],"replies":[{"embeddable":true,"href":"https:\/\/jacek-i-agatka.pl\/index.php\/wp-json\/wp\/v2\/comments?post=2064"}],"version-history":[{"count":5,"href":"https:\/\/jacek-i-agatka.pl\/index.php\/wp-json\/wp\/v2\/pages\/2064\/revisions"}],"predecessor-version":[{"id":3460,"href":"https:\/\/jacek-i-agatka.pl\/index.php\/wp-json\/wp\/v2\/pages\/2064\/revisions\/3460"}],"wp:attachment":[{"href":"https:\/\/jacek-i-agatka.pl\/index.php\/wp-json\/wp\/v2\/media?parent=2064"}],"curies":[{"name":"wp","href":"https:\/\/api.w.org\/{rel}","templated":true}]}}