{"id":2073,"date":"2022-10-06T15:15:03","date_gmt":"2022-10-06T15:15:03","guid":{"rendered":"https:\/\/fievutysjg.cfolks.pl\/jacekiagatka\/?page_id=2073"},"modified":"2025-04-07T19:25:05","modified_gmt":"2025-04-07T19:25:05","slug":"czesne","status":"publish","type":"page","link":"https:\/\/jacek-i-agatka.pl\/index.php\/czesne\/","title":{"rendered":"Czesne"},"content":{"rendered":"<p>&nbsp;<\/p>\n<p><span style=\"font-size: 18pt;\"><i><b>Miesi\u0119czne czesne wynosi 200z\u0142<br \/>\nStawka \u017cywieniowa dzienna 14 z\u0142<br \/>\nWyprawka (materia\u0142y plastyczne) 120 z\u0142 \/ rok szkolny<\/b><\/i><\/span><\/p>\n<p>&nbsp;<\/p>\n<p><span style=\"text-decoration: underline; font-size: 14pt;\"><strong>W ramach op\u0142aty sta\u0142ej przedszkole oferuje:<\/strong><\/span><\/p>\n<ul>\n<li><span style=\"font-size: 14pt;\">specjalistyczn\u0105 opiek\u0119 pedagog\u00f3w \u2013 nauczycieli oraz logopedy,<\/span><\/li>\n<li><span style=\"font-size: 14pt;\">mo\u017cliwo\u015b\u0107 skorzystania z nieodp\u0142atnych konsultacji logopedycznych,<\/span><\/li>\n<li><span style=\"font-size: 14pt;\">nauk\u0119 poprzez zabaw\u0119, czas na zabawy dowolne i zorganizowane,<\/span><\/li>\n<li><span style=\"font-size: 14pt;\">czas na codzienny relaks i odpoczynek przy czytanych i opowiadanych bajkach, muzyce relaksacyjnej i ko\u0142ysankach,<\/span><\/li>\n<li><span style=\"font-size: 14pt;\">indywidualne podej\u015bcie do ka\u017cdego dziecka,<\/span><\/li>\n<li><span style=\"font-size: 14pt;\">pedagogiczny i konsekwentny system chwalenia i nagradzania dostosowany do mo\u017cliwo\u015bci i zaanga\u017cowania ka\u017cdego dziecka,<\/span><\/li>\n<li><span style=\"font-size: 14pt;\">okres adaptacyjny dla dzieci,<\/span><\/li>\n<li><span style=\"font-size: 14pt;\">mo\u017cliwo\u015b\u0107 jednodniowego pobytu,<\/span><\/li>\n<li><span style=\"font-size: 14pt;\">dy\u017cur przedszkola w okresie wakacji,<\/span><\/li>\n<li><span style=\"font-size: 14pt;\">atrakcyjn\u0105 baz\u0119 przedszkola: du\u017ce, jasne sale z \u0142azienkami, sala do zaj\u0119\u0107 dodatkowych, gabinet logopedyczny oraz bezpieczny i funkcjonalny plac zabaw,<\/span><\/li>\n<li><span style=\"font-size: 14pt;\">organizacj\u0119 r\u00f3\u017cnych uroczysto\u015bci przedszkolnych m.in. Pasowanie na Przedszkolaka, Andrzejki, Miko\u0142ajki, Dzie\u0144 Babci i Dziadka, Bal karnawa\u0142owy \u2013 kostiumowy, Powitanie wiosny, Piknik Rodziny, Dni otwartych drzwi, Uroczyste zako\u0144czenie roku szkolnego przez dzieci 6 letnie po\u0142\u0105czone z \u201ezielon\u0105 noc\u0105\u201d,<\/span><\/li>\n<li><span style=\"font-size: 14pt;\">organizacj\u0119 spotka\u0144 dzieci z kultur\u0105 i sztuk\u0105 w przedszkolu poprzez: audycje muzyczne, spektakle dla dzieci, spotkania z osobami wykonuj\u0105cymi ro\u017cne zawody, prowadzenie cyklu zaj\u0119\u0107 dydaktycznych o tematyce ekologicznej, tradycji i obrz\u0119d\u00f3w ludowych ze swego regionu oraz r\u00f3\u017cnych technik plastycznych a tak\u017ce wyjazd\u00f3w zorganizowanych do teatru, galerii, zabytkowych miejsc ze wzgl\u0119du na architektur\u0119 i kultur\u0119 regionaln\u0105, itp.,<\/span><\/li>\n<li><span style=\"font-size: 14pt;\">organizowanie spacer\u00f3w i piknik\u00f3w na \u015bwie\u017cym powietrzu, wycieczek do biblioteki, r\u00f3\u017cnych miejsc pracy (punkt\u00f3w us\u0142ugowych), wyjazd\u00f3w do miejsc s\u0142yn\u0105cych z pi\u0119kna i okaz\u00f3w przyrody itp.,<\/span><\/li>\n<li><span style=\"font-size: 14pt;\">r\u00f3\u017cnorodn\u0105 ofert\u0119 zaj\u0119\u0107 dodatkowych zawartych w op\u0142acie czesnego oraz fakultatywnych \u2013 p\u0142atnych dodatkowo, dostosowanych do mo\u017cliwo\u015bci i zainteresowa\u0144 dzieci,<\/span><\/li>\n<li><span style=\"font-size: 14pt;\">atrakcyjne op\u0142aty za przedszkole, zni\u017cki dla rodze\u0144stw, r\u00f3\u017cnorodne atrakcje dla dzieci zawarte w czesnym.<\/span><\/li>\n<\/ul>\n","protected":false},"excerpt":{"rendered":"<p>&nbsp; Miesi\u0119czne czesne wynosi 200z\u0142 Stawka \u017cywieniowa dzienna 14 z\u0142 Wyprawka (materia\u0142y plastyczne) 120 z\u0142 \/ rok szkolny &nbsp; W ramach op\u0142aty sta\u0142ej przedszkole oferuje: specjalistyczn\u0105 opiek\u0119 pedagog\u00f3w \u2013 nauczycieli oraz logopedy, mo\u017cliwo\u015b\u0107 skorzystania z nieodp\u0142atnych konsultacji logopedycznych, nauk\u0119 poprzez zabaw\u0119, czas na zabawy dowolne i zorganizowane, czas na codzienny [&hellip;]<\/p>\n","protected":false},"author":1,"featured_media":0,"parent":0,"menu_order":0,"comment_status":"closed","ping_status":"closed","template":"","meta":{"ngg_post_thumbnail":0,"footnotes":""},"class_list":["post-2073","page","type-page","status-publish","hentry"],"_links":{"self":[{"href":"https:\/\/jacek-i-agatka.pl\/index.php\/wp-json\/wp\/v2\/pages\/2073","targetHints":{"allow":["GET"]}}],"collection":[{"href":"https:\/\/jacek-i-agatka.pl\/index.php\/wp-json\/wp\/v2\/pages"}],"about":[{"href":"https:\/\/jacek-i-agatka.pl\/index.php\/wp-json\/wp\/v2\/types\/page"}],"author":[{"embeddable":true,"href":"https:\/\/jacek-i-agatka.pl\/index.php\/wp-json\/wp\/v2\/users\/1"}],"replies":[{"embeddable":true,"href":"https:\/\/jacek-i-agatka.pl\/index.php\/wp-json\/wp\/v2\/comments?post=2073"}],"version-history":[{"count":7,"href":"https:\/\/jacek-i-agatka.pl\/index.php\/wp-json\/wp\/v2\/pages\/2073\/revisions"}],"predecessor-version":[{"id":5064,"href":"https:\/\/jacek-i-agatka.pl\/index.php\/wp-json\/wp\/v2\/pages\/2073\/revisions\/5064"}],"wp:attachment":[{"href":"https:\/\/jacek-i-agatka.pl\/index.php\/wp-json\/wp\/v2\/media?parent=2073"}],"curies":[{"name":"wp","href":"https:\/\/api.w.org\/{rel}","templated":true}]}}