{"id":2133,"date":"2022-10-11T09:02:37","date_gmt":"2022-10-11T09:02:37","guid":{"rendered":"https:\/\/fievutysjg.cfolks.pl\/jacekiagatka\/?page_id=2133"},"modified":"2022-10-21T11:16:24","modified_gmt":"2022-10-21T11:16:24","slug":"wrzesien-2022","status":"publish","type":"page","link":"https:\/\/jacek-i-agatka.pl\/index.php\/wrzesien-2022\/","title":{"rendered":"Wrzesie\u0144 2022"},"content":{"rendered":"<p style=\"text-align: left;\">&nbsp; <strong>Wrzesie\u0144 to miesi\u0105c, w kt\u00f3rym nareszcie po wakacyjnej przerwie w przedszkolu zaczyna t\u0119tni\u0107 \u017cycie. Starszaki krzycz\u0105 z rado\u015bci na widok swoich koleg\u00f3w i pa\u0144, a maluszki\u2026&nbsp; no c\u00f3\u017c, &nbsp;te\u017c krzycz\u0105 cho\u0107 pocz\u0105tkowo z zupe\u0142nie innego powodu. To w\u0142a\u015bnie w najm\u0142odszych grupach we wrze\u015bniu dzieje si\u0119 najwi\u0119cej. Maluszki intensywnie eksploruj\u0105 now\u0105 przestrze\u0144, a Panie staraj\u0105 si\u0119 robi\u0107 wszystko, aby u\u0142atwi\u0107 im start i adaptacj\u0119 w nowym otoczeniu. Jest sporo p\u0142aczu, ale r\u00f3wnie\u017c mn\u00f3stwo zabawy, \u015bpiewu i ta\u0144ca.<\/strong><br \/>\n<b>&nbsp; W tym miesi\u0105cu&nbsp; obchodzili\u015bmy wa\u017cne \u015bwi\u0119to &#8211; DZIE\u0143 PRZEDSZKOLAKA. Grupy: <em>\u017babki, S\u00f3wki, Wiewi\u00f3rki<\/em> zorganizowa\u0142y z tej okazji bal przebiera\u0144c\u00f3w, <em>Liski<\/em> mia\u0142y pi\u017cama party a <em>Biedronki<\/em> poszukiwa\u0142y skarbu i odszyfrowywa\u0142y kod do niego. We wrze\u015bniu obchodzili\u015bmy tak\u017ce w grupach DZIE\u0143 CH\u0141OPAKA. By\u0142y prezenty, zabawa i &nbsp;pyszny pocz\u0119stunek. Grupa W<\/b><em style=\"font-weight: bold;\">iewi\u00f3rki <\/em><b>odwiedzi\u0142a gospodarstwo rolne, do kt\u00f3rego zosta\u0142a zaproszona przez rodzic\u00f3w Oliviera, pa\u0144stwa Domin.&nbsp;<\/b><strong> 29 wrze\u015bnia, w ramach DNIA G\u0141O\u015aNEGO CZYTANIA, pani Anna Wiewi\u00f3rkowska odwiedzi\u0142a grupy <em>S\u00f3wki i Biedronki.<\/em> Przeczyta\u0142a dzieciom ciekawe opowiadania i om\u00f3wi\u0142a kr\u00f3tko ich tre\u015b\u0107.&nbsp; &nbsp;Na naszej stronie internetowej w zak\u0142adce <em>D<\/em><span style=\"text-decoration: underline;\"><em>la rodzic\u00f3w<\/em><\/span> mo\u017cecie Pa\u0144stwo znale\u017a\u0107 artyku\u0142 umieszczony przez pani\u0105 Ani\u0119, z kt\u00f3rego dowiecie si\u0119, jakich jest 20 powod\u00f3w, dla kt\u00f3rych warto czyta\u0107 dzieciom.<\/strong><\/p>\nngg_shortcode_0_placeholder\n","protected":false},"excerpt":{"rendered":"<p>&nbsp; Wrzesie\u0144 to miesi\u0105c, w kt\u00f3rym nareszcie po wakacyjnej przerwie w przedszkolu zaczyna t\u0119tni\u0107 \u017cycie. Starszaki krzycz\u0105 z rado\u015bci na widok swoich koleg\u00f3w i pa\u0144, a maluszki\u2026&nbsp; no c\u00f3\u017c, &nbsp;te\u017c krzycz\u0105 cho\u0107 pocz\u0105tkowo z zupe\u0142nie innego powodu. To w\u0142a\u015bnie w najm\u0142odszych grupach we wrze\u015bniu dzieje si\u0119 najwi\u0119cej. Maluszki intensywnie eksploruj\u0105 [&hellip;]<\/p>\n","protected":false},"author":1,"featured_media":0,"parent":0,"menu_order":0,"comment_status":"closed","ping_status":"closed","template":"","meta":{"ngg_post_thumbnail":0,"footnotes":""},"class_list":["post-2133","page","type-page","status-publish","hentry"],"_links":{"self":[{"href":"https:\/\/jacek-i-agatka.pl\/index.php\/wp-json\/wp\/v2\/pages\/2133","targetHints":{"allow":["GET"]}}],"collection":[{"href":"https:\/\/jacek-i-agatka.pl\/index.php\/wp-json\/wp\/v2\/pages"}],"about":[{"href":"https:\/\/jacek-i-agatka.pl\/index.php\/wp-json\/wp\/v2\/types\/page"}],"author":[{"embeddable":true,"href":"https:\/\/jacek-i-agatka.pl\/index.php\/wp-json\/wp\/v2\/users\/1"}],"replies":[{"embeddable":true,"href":"https:\/\/jacek-i-agatka.pl\/index.php\/wp-json\/wp\/v2\/comments?post=2133"}],"version-history":[{"count":6,"href":"https:\/\/jacek-i-agatka.pl\/index.php\/wp-json\/wp\/v2\/pages\/2133\/revisions"}],"predecessor-version":[{"id":2198,"href":"https:\/\/jacek-i-agatka.pl\/index.php\/wp-json\/wp\/v2\/pages\/2133\/revisions\/2198"}],"wp:attachment":[{"href":"https:\/\/jacek-i-agatka.pl\/index.php\/wp-json\/wp\/v2\/media?parent=2133"}],"curies":[{"name":"wp","href":"https:\/\/api.w.org\/{rel}","templated":true}]}}