{"id":4065,"date":"2024-04-03T17:35:52","date_gmt":"2024-04-03T17:35:52","guid":{"rendered":"https:\/\/jacek-i-agatka.pl\/?page_id=4065"},"modified":"2024-04-03T17:37:33","modified_gmt":"2024-04-03T17:37:33","slug":"standardy-ochrony-maloletnich-w-niepublicznym-przedszkolu-jacek-i-agatka","status":"publish","type":"page","link":"https:\/\/jacek-i-agatka.pl\/index.php\/standardy-ochrony-maloletnich-w-niepublicznym-przedszkolu-jacek-i-agatka\/","title":{"rendered":"Standardy ochrony ma\u0142oletnich w Niepublicznym Przedszkolu Jacek i Agatka"},"content":{"rendered":"<p style=\"text-align: center;\"><a href=\"https:\/\/jacek-i-agatka.pl\/wp-content\/uploads\/2024\/04\/attachment1.3.docx\"><span style=\"font-size: 24pt;\">Standardy ochrony ma\u0142oletnich w Niepublicznym Przedszkolu Jacek i Agatka<\/span><\/a><\/p>\n<p>&nbsp;<\/p>\n<p style=\"text-align: center;\"><span style=\"font-size: 14pt;\"><a href=\"https:\/\/jacek-i-agatka.pl\/wp-content\/uploads\/2024\/04\/EKTY_REALIZACJI_TYCH_STANDARD\ufffdW_W_JEDNOSTCE_O\ufffdWIATOWEJ-2.docx\">WYKAZ OS\u00d3B ODPOWIEDZIALNYCH ZA R\u00d3\u017bNE ASPEKTY REALIZACJI TYCH STANDARD\u00d3W W NIEPUBLICZNYM PRZEDSZKOLU JACEK I AGATKA <\/a><\/span><\/p>\n<p style=\"text-align: center;\"><span style=\"font-size: 18pt;\"><a href=\"https:\/\/jacek-i-agatka.pl\/wp-content\/uploads\/2024\/04\/numery-pomocowe.docx\">numery pomocowe<\/a><\/span><\/p>\n<p><img fetchpriority=\"high\" decoding=\"async\" class=\"size-medium wp-image-4069 aligncenter\" src=\"https:\/\/jacek-i-agatka.pl\/wp-content\/uploads\/2024\/04\/procedury-przyprowadzania-300x222.jpg\" alt=\"\" width=\"300\" height=\"222\" srcset=\"https:\/\/jacek-i-agatka.pl\/wp-content\/uploads\/2024\/04\/procedury-przyprowadzania-300x222.jpg 300w, https:\/\/jacek-i-agatka.pl\/wp-content\/uploads\/2024\/04\/procedury-przyprowadzania-1024x759.jpg 1024w, https:\/\/jacek-i-agatka.pl\/wp-content\/uploads\/2024\/04\/procedury-przyprowadzania-768x569.jpg 768w, https:\/\/jacek-i-agatka.pl\/wp-content\/uploads\/2024\/04\/procedury-przyprowadzania.jpg 1222w\" sizes=\"(max-width: 300px) 100vw, 300px\" \/><\/p>\n<p><img decoding=\"async\" class=\"size-medium wp-image-4070 aligncenter\" src=\"https:\/\/jacek-i-agatka.pl\/wp-content\/uploads\/2024\/04\/procedura-odbierania-dziecka-z-przedszkola-300x199.png\" alt=\"\" width=\"300\" height=\"199\" srcset=\"https:\/\/jacek-i-agatka.pl\/wp-content\/uploads\/2024\/04\/procedura-odbierania-dziecka-z-przedszkola-300x199.png 300w, https:\/\/jacek-i-agatka.pl\/wp-content\/uploads\/2024\/04\/procedura-odbierania-dziecka-z-przedszkola-1024x679.png 1024w, https:\/\/jacek-i-agatka.pl\/wp-content\/uploads\/2024\/04\/procedura-odbierania-dziecka-z-przedszkola-768x510.png 768w, https:\/\/jacek-i-agatka.pl\/wp-content\/uploads\/2024\/04\/procedura-odbierania-dziecka-z-przedszkola.png 1230w\" sizes=\"(max-width: 300px) 100vw, 300px\" \/><\/p>\n","protected":false},"excerpt":{"rendered":"<p>Standardy ochrony ma\u0142oletnich w Niepublicznym Przedszkolu Jacek i Agatka &nbsp; WYKAZ OS\u00d3B ODPOWIEDZIALNYCH ZA R\u00d3\u017bNE ASPEKTY REALIZACJI TYCH STANDARD\u00d3W W NIEPUBLICZNYM PRZEDSZKOLU JACEK I AGATKA numery pomocowe<\/p>\n","protected":false},"author":1,"featured_media":0,"parent":0,"menu_order":0,"comment_status":"closed","ping_status":"closed","template":"","meta":{"ngg_post_thumbnail":0,"footnotes":""},"class_list":["post-4065","page","type-page","status-publish","hentry"],"_links":{"self":[{"href":"https:\/\/jacek-i-agatka.pl\/index.php\/wp-json\/wp\/v2\/pages\/4065","targetHints":{"allow":["GET"]}}],"collection":[{"href":"https:\/\/jacek-i-agatka.pl\/index.php\/wp-json\/wp\/v2\/pages"}],"about":[{"href":"https:\/\/jacek-i-agatka.pl\/index.php\/wp-json\/wp\/v2\/types\/page"}],"author":[{"embeddable":true,"href":"https:\/\/jacek-i-agatka.pl\/index.php\/wp-json\/wp\/v2\/users\/1"}],"replies":[{"embeddable":true,"href":"https:\/\/jacek-i-agatka.pl\/index.php\/wp-json\/wp\/v2\/comments?post=4065"}],"version-history":[{"count":3,"href":"https:\/\/jacek-i-agatka.pl\/index.php\/wp-json\/wp\/v2\/pages\/4065\/revisions"}],"predecessor-version":[{"id":4072,"href":"https:\/\/jacek-i-agatka.pl\/index.php\/wp-json\/wp\/v2\/pages\/4065\/revisions\/4072"}],"wp:attachment":[{"href":"https:\/\/jacek-i-agatka.pl\/index.php\/wp-json\/wp\/v2\/media?parent=4065"}],"curies":[{"name":"wp","href":"https:\/\/api.w.org\/{rel}","templated":true}]}}